{"id":34671,"date":"2023-08-14T16:46:23","date_gmt":"2023-08-14T14:46:23","guid":{"rendered":"https:\/\/realstone.komunik.ch\/loesungen\/"},"modified":"2024-12-17T10:45:17","modified_gmt":"2024-12-17T09:45:17","slug":"loesungen","status":"publish","type":"page","link":"https:\/\/realstone.ch\/de\/loesungen\/","title":{"rendered":"L\u00f6sungen"},"content":{"rendered":"\t\t<div data-elementor-type=\"wp-page\" data-elementor-id=\"34671\" class=\"elementor elementor-34671 elementor-29033\" data-elementor-post-type=\"page\">\n\t\t\t\t<div class=\"elementor-element elementor-element-0657647 e-flex e-con-boxed e-con e-parent\" data-id=\"0657647\" data-element_type=\"container\" data-e-type=\"container\" data-settings=\"{&quot;background_background&quot;:&quot;classic&quot;}\">\n\t\t\t\t\t<div class=\"e-con-inner\">\n\t\t\t\t\t<\/div>\n\t\t\t\t<\/div>\n\t\t<div class=\"elementor-element elementor-element-f8ec793 e-flex e-con-boxed e-con e-child\" data-id=\"f8ec793\" data-element_type=\"container\" data-e-type=\"container\">\n\t\t\t\t\t<div class=\"e-con-inner\">\n\t\t\t\t<div class=\"elementor-element elementor-element-7afb269 elementor-widget elementor-widget-heading\" data-id=\"7afb269\" data-element_type=\"widget\" data-e-type=\"widget\" data-widget_type=\"heading.default\">\n\t\t\t\t<div class=\"elementor-widget-container\">\n\t\t\t\t\t<h2 class=\"elementor-heading-title elementor-size-default\">Unsere L\u00f6sungen <\/h2>\t\t\t\t<\/div>\n\t\t\t\t<\/div>\n\t\t<div class=\"elementor-element elementor-element-542728c e-flex e-con-boxed e-con e-child\" data-id=\"542728c\" data-element_type=\"container\" data-e-type=\"container\">\n\t\t\t\t\t<div class=\"e-con-inner\">\n\t\t<div class=\"elementor-element elementor-element-cc9b912 e-con-full e-flex e-con e-child\" data-id=\"cc9b912\" data-element_type=\"container\" data-e-type=\"container\">\n\t\t\t\t<div class=\"elementor-element elementor-element-e759d8f elementor-widget elementor-widget-text-editor\" data-id=\"e759d8f\" data-element_type=\"widget\" data-e-type=\"widget\" data-widget_type=\"text-editor.default\">\n\t\t\t\t<div class=\"elementor-widget-container\">\n\t\t\t\t\t\t\t\t\t<p><strong>B\u00f6rsennotierte Fonds<\/strong><\/p>\n\t\t\t\t\t\t\t\t<\/div>\n\t\t\t\t<\/div>\n\t\t\t\t<div class=\"elementor-element elementor-element-ea98138 megamenu-item elementor-align-left elementor-widget elementor-widget-button\" data-id=\"ea98138\" data-element_type=\"widget\" data-e-type=\"widget\" data-widget_type=\"button.default\">\n\t\t\t\t<div class=\"elementor-widget-container\">\n\t\t\t\t\t\t\t\t\t<div class=\"elementor-button-wrapper\">\n\t\t\t\t\t<a class=\"elementor-button elementor-button-link elementor-size-sm\" href=\"https:\/\/realstone.ch\/de\/loesungen\/realstone-rsf\/\">\n\t\t\t\t\t\t<span class=\"elementor-button-content-wrapper\">\n\t\t\t\t\t\t\t\t\t<span class=\"elementor-button-text\"><span class=\"chevron\">F<\/span> <span class=\"sousmenu\">Realstone RSF<\/span><\/span>\n\t\t\t\t\t<\/span>\n\t\t\t\t\t<\/a>\n\t\t\t\t<\/div>\n\t\t\t\t\t\t\t\t<\/div>\n\t\t\t\t<\/div>\n\t\t\t\t<div class=\"elementor-element elementor-element-7e0004e elementor-widget elementor-widget-text-editor\" data-id=\"7e0004e\" data-element_type=\"widget\" data-e-type=\"widget\" data-widget_type=\"text-editor.default\">\n\t\t\t\t<div class=\"elementor-widget-container\">\n\t\t\t\t\t\t\t\t\t<p><a href=\"\/L\u00f6sungen\/realstone-rsf\/#strategie\">Strategie<\/a> | <a href=\"https:\/\/realstone.ch\/de\/loesungen\/realstone-rsf\/#performance\">Performance<\/a> | <a href=\"https:\/\/realstone.ch\/de\/loesungen\/realstone-rsf\/dokumente\/\">Documents<\/a> | <a href=\"https:\/\/realstone.ch\/de\/loesungen\/realstone-rsf\/nachhaltigkeit\/\">Durabilit\u00e9<\/a> | <a href=\"https:\/\/realstone.ch\/de\/loesungen\/realstone-rsf\/aktuelles\/\">Actualit\u00e9s<\/a> | <a href=\"https:\/\/realstone.ch\/de\/loesungen\/realstone-rsf\/liegenschaften\/\">Immeubles<\/a><\/p>\n\t\t\t\t\t\t\t\t<\/div>\n\t\t\t\t<\/div>\n\t\t\t\t<div class=\"elementor-element elementor-element-f6a616c megamenu-item elementor-align-left elementor-widget elementor-widget-button\" data-id=\"f6a616c\" data-element_type=\"widget\" data-e-type=\"widget\" data-widget_type=\"button.default\">\n\t\t\t\t<div class=\"elementor-widget-container\">\n\t\t\t\t\t\t\t\t\t<div class=\"elementor-button-wrapper\">\n\t\t\t\t\t<a class=\"elementor-button elementor-button-link elementor-size-sm\" href=\"https:\/\/realstone.ch\/de\/loesungen\/solvalor-61\/\">\n\t\t\t\t\t\t<span class=\"elementor-button-content-wrapper\">\n\t\t\t\t\t\t\t\t\t<span class=\"elementor-button-text\"><span class=\"chevron\">F<\/span> <span class=\"sousmenu\">Solvalor 61<\/span><\/span>\n\t\t\t\t\t<\/span>\n\t\t\t\t\t<\/a>\n\t\t\t\t<\/div>\n\t\t\t\t\t\t\t\t<\/div>\n\t\t\t\t<\/div>\n\t\t\t\t<div class=\"elementor-element elementor-element-34c7c57 elementor-widget elementor-widget-text-editor\" data-id=\"34c7c57\" data-element_type=\"widget\" data-e-type=\"widget\" data-widget_type=\"text-editor.default\">\n\t\t\t\t<div class=\"elementor-widget-container\">\n\t\t\t\t\t\t\t\t\t<p><a href=\"https:\/\/realstone.ch\/de\/loesungen\/solvalor-61\/#strategie\">Strat\u00e9gie<\/a> | <a href=\"https:\/\/realstone.ch\/de\/loesungen\/solvalor-61\/#performance\">Performance<\/a> | <a href=\"https:\/\/realstone.ch\/de\/loesungen\/solvalor-61\/dokumente\/\">Documents<\/a> | <a href=\"https:\/\/realstone.ch\/de\/loesungen\/solvalor-61\/nachhaltigkeit\/\">Durabilit\u00e9<\/a> | <a href=\"https:\/\/realstone.ch\/de\/loesungen\/solvalor-61\/aktuelles\/\">Actualit\u00e9s<\/a> | <a href=\"https:\/\/realstone.ch\/de\/loesungen\/solvalor-61\/liegenschaften\/\">Immeubles<\/a><\/p>\n\t\t\t\t\t\t\t\t<\/div>\n\t\t\t\t<\/div>\n\t\t\t\t<div class=\"elementor-element elementor-element-9c0bf2b elementor-widget elementor-widget-text-editor\" data-id=\"9c0bf2b\" data-element_type=\"widget\" data-e-type=\"widget\" data-widget_type=\"text-editor.default\">\n\t\t\t\t<div class=\"elementor-widget-container\">\n\t\t\t\t\t\t\t\t\t<p><strong>Andere Anlagevehikel<\/strong><br \/><small> r\u00e9serv\u00e9s aux investisseurs qualifi\u00e9s<\/small><\/p>\n\t\t\t\t\t\t\t\t<\/div>\n\t\t\t\t<\/div>\n\t\t\t\t<div class=\"elementor-element elementor-element-611eef9 megamenu-item elementor-align-left elementor-widget elementor-widget-button\" data-id=\"611eef9\" data-element_type=\"widget\" data-e-type=\"widget\" data-widget_type=\"button.default\">\n\t\t\t\t<div class=\"elementor-widget-container\">\n\t\t\t\t\t\t\t\t\t<div class=\"elementor-button-wrapper\">\n\t\t\t\t\t<a class=\"elementor-button elementor-button-link elementor-size-sm\" href=\"https:\/\/realstone.ch\/de\/loesungen\/realstone-industrial-fund\/\">\n\t\t\t\t\t\t<span class=\"elementor-button-content-wrapper\">\n\t\t\t\t\t\t\t\t\t<span class=\"elementor-button-text\"><span class=\"chevron\">F<\/span> <span class=\"sousmenu\">Realstone Industrial Fund<\/span><\/span>\n\t\t\t\t\t<\/span>\n\t\t\t\t\t<\/a>\n\t\t\t\t<\/div>\n\t\t\t\t\t\t\t\t<\/div>\n\t\t\t\t<\/div>\n\t\t\t\t<div class=\"elementor-element elementor-element-7f925d0 elementor-widget elementor-widget-text-editor\" data-id=\"7f925d0\" data-element_type=\"widget\" data-e-type=\"widget\" data-widget_type=\"text-editor.default\">\n\t\t\t\t<div class=\"elementor-widget-container\">\n\t\t\t\t\t\t\t\t\t<p><a href=\"https:\/\/realstone.ch\/de\/loesungen\/realstone-industrial-fund\/#strategie\">Strat\u00e9gie<\/a> | <a href=\"https:\/\/realstone.ch\/de\/loesungen\/realstone-industrial-fund\/#performance\">Performance<\/a> | <a href=\"https:\/\/realstone.ch\/de\/loesungen\/realstone-industrial-fund\/dokumente\/\">Documents<\/a> | <a href=\"https:\/\/realstone.ch\/de\/loesungen\/realstone-industrial-fund\/nachhaltigkeit\/\">Durabilit\u00e9<\/a> | <a href=\"https:\/\/realstone.ch\/de\/loesungen\/realstone-rsf\/aktuelles\/\">Actualit\u00e9s<\/a> | <a href=\"https:\/\/realstone.ch\/de\/loesungen\/realstone-industrial-fund\/liegenschaften\/\">Immeubles<\/a><\/p>\n\t\t\t\t\t\t\t\t<\/div>\n\t\t\t\t<\/div>\n\t\t\t\t<div class=\"elementor-element elementor-element-9c72770 megamenu-item elementor-align-left elementor-widget elementor-widget-button\" data-id=\"9c72770\" data-element_type=\"widget\" data-e-type=\"widget\" data-widget_type=\"button.default\">\n\t\t\t\t<div class=\"elementor-widget-container\">\n\t\t\t\t\t\t\t\t\t<div class=\"elementor-button-wrapper\">\n\t\t\t\t\t<a class=\"elementor-button elementor-button-link elementor-size-sm\" href=\"https:\/\/realstone-fondation.ch\/de_CH\" target=\"_blank\">\n\t\t\t\t\t\t<span class=\"elementor-button-content-wrapper\">\n\t\t\t\t\t\t\t\t\t<span class=\"elementor-button-text\"><span class=\"chevron\">F<\/span> <span class=\"sousmenu\">Realstone Anlagestiftung<\/span><\/span>\n\t\t\t\t\t<\/span>\n\t\t\t\t\t<\/a>\n\t\t\t\t<\/div>\n\t\t\t\t\t\t\t\t<\/div>\n\t\t\t\t<\/div>\n\t\t\t\t<div class=\"elementor-element elementor-element-b93f94b elementor-widget elementor-widget-text-editor\" data-id=\"b93f94b\" data-element_type=\"widget\" data-e-type=\"widget\" data-widget_type=\"text-editor.default\">\n\t\t\t\t<div class=\"elementor-widget-container\">\n\t\t\t\t\t\t\t\t\t<p><a href=\"https:\/\/realstone.ch\/de\/loesungen\/realstone-anlagestiftung\/#strategie\">Strat\u00e9gie<\/a> | <a href=\"https:\/\/realstone.ch\/de\/loesungen\/realstone-anlagestiftung\/#performance\">Performance<\/a> | <a href=\"https:\/\/realstone.ch\/de\/loesungen\/realstone-anlagestiftung\/dokumente\/\">Documents<\/a> | <a href=\"https:\/\/realstone.ch\/de\/loesungen\/realstone-anlagestiftung\/nachhaltigkeit\/\">Durabilit\u00e9<\/a> | <a href=\"https:\/\/realstone.ch\/de\/loesungen\/realstone-anlagestiftung\/aktuelles\/\">Actualit\u00e9s<\/a> | <a href=\"https:\/\/realstone.ch\/de\/loesungen\/realstone-anlagestiftung\/liegenschaften\/\">Immeubles<\/a><\/p>\n\t\t\t\t\t\t\t\t<\/div>\n\t\t\t\t<\/div>\n\t\t\t\t<\/div>\n\t\t<div class=\"elementor-element elementor-element-388a083 e-flex e-con-boxed e-con e-child\" data-id=\"388a083\" data-element_type=\"container\" data-e-type=\"container\">\n\t\t\t\t\t<div class=\"e-con-inner\">\n\t\t\t\t<div class=\"elementor-element elementor-element-4068fd8 elementor-widget elementor-widget-text-editor\" data-id=\"4068fd8\" data-element_type=\"widget\" data-e-type=\"widget\" data-widget_type=\"text-editor.default\">\n\t\t\t\t<div class=\"elementor-widget-container\">\n\t\t\t\t\t\t\t\t\t<p><strong>\u00dcbertragung der Immobilie<\/strong><\/p>\n\t\t\t\t\t\t\t\t<\/div>\n\t\t\t\t<\/div>\n\t\t\t\t<div class=\"elementor-element elementor-element-080eb8e megamenu-item elementor-align-left elementor-widget elementor-widget-button\" data-id=\"080eb8e\" data-element_type=\"widget\" data-e-type=\"widget\" data-widget_type=\"button.default\">\n\t\t\t\t<div class=\"elementor-widget-container\">\n\t\t\t\t\t\t\t\t\t<div class=\"elementor-button-wrapper\">\n\t\t\t\t\t<a class=\"elementor-button elementor-button-link elementor-size-sm\" href=\"https:\/\/realstone.ch\/de\/loesungen\/swap\/\">\n\t\t\t\t\t\t<span class=\"elementor-button-content-wrapper\">\n\t\t\t\t\t\t\t\t\t<span class=\"elementor-button-text\"><span class=\"chevron\">F<\/span> <span class=\"sousmenu\">Gegen Fondsanteile (Swap)<\/span><\/span>\n\t\t\t\t\t<\/span>\n\t\t\t\t\t<\/a>\n\t\t\t\t<\/div>\n\t\t\t\t\t\t\t\t<\/div>\n\t\t\t\t<\/div>\n\t\t\t\t<div class=\"elementor-element elementor-element-750d727 megamenu-item elementor-align-left elementor-widget elementor-widget-button\" data-id=\"750d727\" data-element_type=\"widget\" data-e-type=\"widget\" data-widget_type=\"button.default\">\n\t\t\t\t<div class=\"elementor-widget-container\">\n\t\t\t\t\t\t\t\t\t<div class=\"elementor-button-wrapper\">\n\t\t\t\t\t<a class=\"elementor-button elementor-button-link elementor-size-sm\" href=\"https:\/\/realstone.ch\/de\/loesungen\/sale-and-leaseback\/\">\n\t\t\t\t\t\t<span class=\"elementor-button-content-wrapper\">\n\t\t\t\t\t\t\t\t\t<span class=\"elementor-button-text\"><span class=\"chevron\">F<\/span> <span class=\"sousmenu\">Sale and leaseback<\/span><\/span>\n\t\t\t\t\t<\/span>\n\t\t\t\t\t<\/a>\n\t\t\t\t<\/div>\n\t\t\t\t\t\t\t\t<\/div>\n\t\t\t\t<\/div>\n\t\t\t\t<div class=\"elementor-element elementor-element-a70c39b megamenu-item elementor-align-left elementor-widget elementor-widget-button\" data-id=\"a70c39b\" data-element_type=\"widget\" data-e-type=\"widget\" data-widget_type=\"button.default\">\n\t\t\t\t<div class=\"elementor-widget-container\">\n\t\t\t\t\t\t\t\t\t<div class=\"elementor-button-wrapper\">\n\t\t\t\t\t<a class=\"elementor-button elementor-button-link elementor-size-sm\" href=\"https:\/\/realstone.ch\/de\/erwerbskriterien\/\">\n\t\t\t\t\t\t<span class=\"elementor-button-content-wrapper\">\n\t\t\t\t\t\t\t\t\t<span class=\"elementor-button-text\"><span class=\"chevron\">F<\/span> <span class=\"sousmenu\"> Anlagekriterien<\/span><\/span>\n\t\t\t\t\t<\/span>\n\t\t\t\t\t<\/a>\n\t\t\t\t<\/div>\n\t\t\t\t\t\t\t\t<\/div>\n\t\t\t\t<\/div>\n\t\t\t\t\t<\/div>\n\t\t\t\t<\/div>\n\t\t\t\t\t<\/div>\n\t\t\t\t<\/div>\n\t\t\t\t\t<\/div>\n\t\t\t\t<\/div>\n\t\t\t\t<\/div>\n\t\t","protected":false},"excerpt":{"rendered":"<p>Unsere L\u00f6sungen B\u00f6rsennotierte Fonds F Realstone RSF Strategie | Performance | Documents | Durabilit\u00e9 | Actualit\u00e9s | Immeubles F Solvalor 61 Strat\u00e9gie | Performance | Documents | Durabilit\u00e9 | Actualit\u00e9s | Immeubles Andere Anlagevehikel r\u00e9serv\u00e9s aux investisseurs qualifi\u00e9s F Realstone Industrial Fund Strat\u00e9gie | Performance | Documents | Durabilit\u00e9 | Actualit\u00e9s | Immeubles F Realstone [&hellip;]<\/p>\n","protected":false},"author":1,"featured_media":0,"parent":0,"menu_order":0,"comment_status":"closed","ping_status":"closed","template":"","meta":{"_acf_changed":false,"footnotes":""},"class_list":["post-34671","page","type-page","status-publish","hentry"],"acf":[],"yoast_head":"<!-- This site is optimized with the Yoast SEO plugin v27.5 - https:\/\/yoast.com\/product\/yoast-seo-wordpress\/ -->\n<title>L\u00f6sungen - Realstone<\/title>\n<meta name=\"robots\" content=\"index, follow, max-snippet:-1, max-image-preview:large, max-video-preview:-1\" \/>\n<link rel=\"canonical\" href=\"https:\/\/realstone.ch\/de\/loesungen\/\" \/>\n<meta property=\"og:locale\" content=\"de_DE\" \/>\n<meta property=\"og:type\" content=\"article\" \/>\n<meta property=\"og:title\" content=\"L\u00f6sungen - Realstone\" \/>\n<meta property=\"og:description\" content=\"Unsere L\u00f6sungen B\u00f6rsennotierte Fonds F Realstone RSF Strategie | Performance | Documents | Durabilit\u00e9 | Actualit\u00e9s | Immeubles F Solvalor 61 Strat\u00e9gie | Performance | Documents | Durabilit\u00e9 | Actualit\u00e9s | Immeubles Andere Anlagevehikel r\u00e9serv\u00e9s aux investisseurs qualifi\u00e9s F Realstone Industrial Fund Strat\u00e9gie | Performance | Documents | Durabilit\u00e9 | Actualit\u00e9s | Immeubles F Realstone [&hellip;]\" \/>\n<meta property=\"og:url\" content=\"https:\/\/realstone.ch\/de\/loesungen\/\" \/>\n<meta property=\"og:site_name\" content=\"Realstone\" \/>\n<meta property=\"article:modified_time\" content=\"2024-12-17T09:45:17+00:00\" \/>\n<meta name=\"twitter:card\" content=\"summary_large_image\" \/>\n<script type=\"application\/ld+json\" class=\"yoast-schema-graph\">{\"@context\":\"https:\\\/\\\/schema.org\",\"@graph\":[{\"@type\":\"WebPage\",\"@id\":\"https:\\\/\\\/realstone.ch\\\/de\\\/loesungen\\\/\",\"url\":\"https:\\\/\\\/realstone.ch\\\/de\\\/loesungen\\\/\",\"name\":\"L\u00f6sungen - Realstone\",\"isPartOf\":{\"@id\":\"https:\\\/\\\/realstone.ch\\\/de\\\/#website\"},\"datePublished\":\"2023-08-14T14:46:23+00:00\",\"dateModified\":\"2024-12-17T09:45:17+00:00\",\"breadcrumb\":{\"@id\":\"https:\\\/\\\/realstone.ch\\\/de\\\/loesungen\\\/#breadcrumb\"},\"inLanguage\":\"de\",\"potentialAction\":[{\"@type\":\"ReadAction\",\"target\":[\"https:\\\/\\\/realstone.ch\\\/de\\\/loesungen\\\/\"]}]},{\"@type\":\"BreadcrumbList\",\"@id\":\"https:\\\/\\\/realstone.ch\\\/de\\\/loesungen\\\/#breadcrumb\",\"itemListElement\":[{\"@type\":\"ListItem\",\"position\":1,\"name\":\"Accueil\",\"item\":\"https:\\\/\\\/realstone.ch\\\/de\\\/\"},{\"@type\":\"ListItem\",\"position\":2,\"name\":\"L\u00f6sungen\"}]},{\"@type\":\"WebSite\",\"@id\":\"https:\\\/\\\/realstone.ch\\\/de\\\/#website\",\"url\":\"https:\\\/\\\/realstone.ch\\\/de\\\/\",\"name\":\"Realstone\",\"description\":\"\",\"publisher\":{\"@id\":\"https:\\\/\\\/realstone.ch\\\/de\\\/#organization\"},\"potentialAction\":[{\"@type\":\"SearchAction\",\"target\":{\"@type\":\"EntryPoint\",\"urlTemplate\":\"https:\\\/\\\/realstone.ch\\\/de\\\/?s={search_term_string}\"},\"query-input\":{\"@type\":\"PropertyValueSpecification\",\"valueRequired\":true,\"valueName\":\"search_term_string\"}}],\"inLanguage\":\"de\"},{\"@type\":\"Organization\",\"@id\":\"https:\\\/\\\/realstone.ch\\\/de\\\/#organization\",\"name\":\"Realstone\",\"url\":\"https:\\\/\\\/realstone.ch\\\/de\\\/\",\"logo\":{\"@type\":\"ImageObject\",\"inLanguage\":\"de\",\"@id\":\"https:\\\/\\\/realstone.ch\\\/de\\\/#\\\/schema\\\/logo\\\/image\\\/\",\"url\":\"https:\\\/\\\/realstone.ch\\\/wp-content\\\/uploads\\\/2023\\\/06\\\/Logo_Realstone_bleu.svg\",\"contentUrl\":\"https:\\\/\\\/realstone.ch\\\/wp-content\\\/uploads\\\/2023\\\/06\\\/Logo_Realstone_bleu.svg\",\"width\":283,\"height\":29,\"caption\":\"Realstone\"},\"image\":{\"@id\":\"https:\\\/\\\/realstone.ch\\\/de\\\/#\\\/schema\\\/logo\\\/image\\\/\"},\"sameAs\":[\"https:\\\/\\\/www.linkedin.com\\\/company\\\/realstone-group\\\/\"]}]}<\/script>\n<!-- \/ Yoast SEO plugin. -->","yoast_head_json":{"title":"L\u00f6sungen - Realstone","robots":{"index":"index","follow":"follow","max-snippet":"max-snippet:-1","max-image-preview":"max-image-preview:large","max-video-preview":"max-video-preview:-1"},"canonical":"https:\/\/realstone.ch\/de\/loesungen\/","og_locale":"de_DE","og_type":"article","og_title":"L\u00f6sungen - Realstone","og_description":"Unsere L\u00f6sungen B\u00f6rsennotierte Fonds F Realstone RSF Strategie | Performance | Documents | Durabilit\u00e9 | Actualit\u00e9s | Immeubles F Solvalor 61 Strat\u00e9gie | Performance | Documents | Durabilit\u00e9 | Actualit\u00e9s | Immeubles Andere Anlagevehikel r\u00e9serv\u00e9s aux investisseurs qualifi\u00e9s F Realstone Industrial Fund Strat\u00e9gie | Performance | Documents | Durabilit\u00e9 | Actualit\u00e9s | Immeubles F Realstone [&hellip;]","og_url":"https:\/\/realstone.ch\/de\/loesungen\/","og_site_name":"Realstone","article_modified_time":"2024-12-17T09:45:17+00:00","twitter_card":"summary_large_image","schema":{"@context":"https:\/\/schema.org","@graph":[{"@type":"WebPage","@id":"https:\/\/realstone.ch\/de\/loesungen\/","url":"https:\/\/realstone.ch\/de\/loesungen\/","name":"L\u00f6sungen - Realstone","isPartOf":{"@id":"https:\/\/realstone.ch\/de\/#website"},"datePublished":"2023-08-14T14:46:23+00:00","dateModified":"2024-12-17T09:45:17+00:00","breadcrumb":{"@id":"https:\/\/realstone.ch\/de\/loesungen\/#breadcrumb"},"inLanguage":"de","potentialAction":[{"@type":"ReadAction","target":["https:\/\/realstone.ch\/de\/loesungen\/"]}]},{"@type":"BreadcrumbList","@id":"https:\/\/realstone.ch\/de\/loesungen\/#breadcrumb","itemListElement":[{"@type":"ListItem","position":1,"name":"Accueil","item":"https:\/\/realstone.ch\/de\/"},{"@type":"ListItem","position":2,"name":"L\u00f6sungen"}]},{"@type":"WebSite","@id":"https:\/\/realstone.ch\/de\/#website","url":"https:\/\/realstone.ch\/de\/","name":"Realstone","description":"","publisher":{"@id":"https:\/\/realstone.ch\/de\/#organization"},"potentialAction":[{"@type":"SearchAction","target":{"@type":"EntryPoint","urlTemplate":"https:\/\/realstone.ch\/de\/?s={search_term_string}"},"query-input":{"@type":"PropertyValueSpecification","valueRequired":true,"valueName":"search_term_string"}}],"inLanguage":"de"},{"@type":"Organization","@id":"https:\/\/realstone.ch\/de\/#organization","name":"Realstone","url":"https:\/\/realstone.ch\/de\/","logo":{"@type":"ImageObject","inLanguage":"de","@id":"https:\/\/realstone.ch\/de\/#\/schema\/logo\/image\/","url":"https:\/\/realstone.ch\/wp-content\/uploads\/2023\/06\/Logo_Realstone_bleu.svg","contentUrl":"https:\/\/realstone.ch\/wp-content\/uploads\/2023\/06\/Logo_Realstone_bleu.svg","width":283,"height":29,"caption":"Realstone"},"image":{"@id":"https:\/\/realstone.ch\/de\/#\/schema\/logo\/image\/"},"sameAs":["https:\/\/www.linkedin.com\/company\/realstone-group\/"]}]}},"_links":{"self":[{"href":"https:\/\/realstone.ch\/de\/wp-json\/wp\/v2\/pages\/34671","targetHints":{"allow":["GET"]}}],"collection":[{"href":"https:\/\/realstone.ch\/de\/wp-json\/wp\/v2\/pages"}],"about":[{"href":"https:\/\/realstone.ch\/de\/wp-json\/wp\/v2\/types\/page"}],"author":[{"embeddable":true,"href":"https:\/\/realstone.ch\/de\/wp-json\/wp\/v2\/users\/1"}],"replies":[{"embeddable":true,"href":"https:\/\/realstone.ch\/de\/wp-json\/wp\/v2\/comments?post=34671"}],"version-history":[{"count":2,"href":"https:\/\/realstone.ch\/de\/wp-json\/wp\/v2\/pages\/34671\/revisions"}],"predecessor-version":[{"id":40274,"href":"https:\/\/realstone.ch\/de\/wp-json\/wp\/v2\/pages\/34671\/revisions\/40274"}],"wp:attachment":[{"href":"https:\/\/realstone.ch\/de\/wp-json\/wp\/v2\/media?parent=34671"}],"curies":[{"name":"wp","href":"https:\/\/api.w.org\/{rel}","templated":true}]}}