{"id":37931,"date":"2023-08-14T17:02:28","date_gmt":"2023-08-14T15:02:28","guid":{"rendered":"https:\/\/realstone.komunik.ch\/disclaimer\/"},"modified":"2024-11-14T14:45:45","modified_gmt":"2024-11-14T13:45:45","slug":"disclaimer","status":"publish","type":"page","link":"https:\/\/realstone.ch\/de\/disclaimer\/","title":{"rendered":"Disclaimer"},"content":{"rendered":"\t\t<div data-elementor-type=\"wp-page\" data-elementor-id=\"37931\" class=\"elementor elementor-37931 elementor-29080\" data-elementor-post-type=\"page\">\n\t\t\t\t<div class=\"elementor-element elementor-element-821a6e6 e-flex e-con-boxed e-con e-parent\" data-id=\"821a6e6\" data-element_type=\"container\" data-e-type=\"container\">\n\t\t\t\t\t<div class=\"e-con-inner\">\n\t\t\t\t<div class=\"elementor-element elementor-element-d405818 elementor-widget elementor-widget-heading\" data-id=\"d405818\" data-element_type=\"widget\" data-e-type=\"widget\" data-settings=\"{&quot;_animation_mobile&quot;:&quot;none&quot;}\" data-widget_type=\"heading.default\">\n\t\t\t\t<div class=\"elementor-widget-container\">\n\t\t\t\t\t<h2 class=\"elementor-heading-title elementor-size-default\">Wichtige rechtliche Hinweise<\/h2>\t\t\t\t<\/div>\n\t\t\t\t<\/div>\n\t\t\t\t<div class=\"elementor-element elementor-element-2f0b826 elementor-widget__width-inherit elementor-invisible elementor-widget elementor-widget-text-editor\" data-id=\"2f0b826\" data-element_type=\"widget\" data-e-type=\"widget\" data-settings=\"{&quot;_animation&quot;:&quot;fadeIn&quot;}\" data-widget_type=\"text-editor.default\">\n\t\t\t\t<div class=\"elementor-widget-container\">\n\t\t\t\t\t\t\t\t\t<p><strong>Vorbemerkung<\/strong><\/p>\n<p>Bevor Sie auf die Liste der auf der Website <a href=\"https:\/\/www.realstone.ch\/de\">www.realstone.ch<\/a> aufgef\u00fchrten Fonds zugreifen, sollten Sie unbedingt die nachstehenden Bestimmungen und Nutzungsbedingungen lesen. Mit dem Zugriff auf die Website und ihre Seiten erkl\u00e4ren Sie, dass Sie die Nutzungsbedingungen und rechtlichen Informationen \u00fcber die Website und ihre Komponenten verstanden und ohne Einschr\u00e4nkung oder Vorbehalt akzeptiert haben. Falls Sie mit den nachstehenden Nutzungsbedingungen nicht einverstanden sind, sollten Sie nicht auf die Website und ihre Seiten zugreifen.<\/p>\n<p><strong>Nutzungsbedingungen<\/strong><br \/>\nDer Zugriff auf die in dieser Website enthaltenen Informationen kann auf den Nutzer anwendbaren gesetzlichen und aufsichtsrechtlichen Einschr\u00e4nkungen unterliegen. Personen, auf die solche Einschr\u00e4nkungen anwendbar sind, d\u00fcrfen nicht auf die Website zugreifen. Der Nutzer muss sich selbst vergewissern, ob er berechtigt ist, auf die Website zuzugreifen (dies gilt namentlich f\u00fcr US-amerikanische Staatsb\u00fcrger und in den Vereinigten Staaten wohnhafte Personen sowie US-Personen im Sinne der amerikanischen Gesetzgebung).<\/p>\n<p><strong>Kein Angebot und keine Beratung<\/strong><br \/>\nDie auf dieser Website enthaltenen Informationen werden von Realstone SA bereitgestellt. Alle ver\u00f6ffentlichten Daten dienen ausschliesslich Informationszwecken. Die auf der Website abrufbaren Informationen stellen keinesfalls eine Kaufempfehlung dar und d\u00fcrfen nicht als Grundlage f\u00fcr eine Anlage betrachtet werden. Anlegern, die sich f\u00fcr die Fonds interessieren, wird dringend empfohlen, eine Fachperson (professioneller Finanzintermedi\u00e4r) zu Rate zu ziehen, bevor sie eine Anlageentscheidung treffen. Interessierte Anleger werden gebeten, die Prospekte, Fondsvertr\u00e4ge, Jahres- und Halbjahresberichte der einzelnen von uns verwalteten Fonds einzusehen. Diese Unterlagen k\u00f6nnen kostenlos bei Realstone SA, Avenue d\u2019Ouchy 6, 1006 Lausanne bezogen werden.<\/p>\n<p><strong>Zuverl\u00e4ssige Informationen<\/strong><\/p>\n<p>Diese Website wird regelm\u00e4ssig von der Realstone SA auf den neusten Stand gebracht, um zu gew\u00e4hrleisten, dass die darin enthaltenen Daten zuverl\u00e4ssig, zutreffend und vollst\u00e4ndig sind. Dennoch k\u00f6nnen die Realstone SA, ihre Gesch\u00e4ftsleitung, ihre Mitarbeitenden und Beauftragten keinesfalls f\u00fcr die von den Anlegern erlittenen Verluste und Sch\u00e4den haftbar gemacht werden. F\u00fcr die Informationen auf der Website wird keine Gew\u00e4hr \u00fcbernommen.<\/p>\n<p><strong>Keine Performancegarantie<\/strong><\/p>\n<p>Die von den Anlagefonds in der Vergangenheit erzielte Performance liefert keinen Hinweis auf ihre gegenw\u00e4rtige oder zuk\u00fcnftige Performance. Die Ausgabe- und R\u00fccknahmekommissionen und -spesen sind in den Performancezahlen nicht ber\u00fccksichtigt. Der Wert der Anlagen kann sowohl steigen als auch fallen und der Anleger bekommt unter Umst\u00e4nden den urspr\u00fcnglich angelegten Betrag nicht zur\u00fcck. Es wird keineswegs garantiert, dass die Anlagefonds ihre Performance- und Ertragsziele in der Zukunft erreichen werden.<\/p>\n<p>Qualifizierte Anleger<\/p>\n<p>Einzelne der auf dieser Website vorgestellten Fonds sind qualifizierten Anlegern im Sinne des Kollektivanlagengesetzes vorbehalten.<\/p>\n<p><strong>Verkaufsrestriktionen<\/strong><\/p>\n<p>Die Fondsanteile werden nur in den L\u00e4ndern vertrieben, in denen die Fonds zum Vertrieb zugelassen sind. Vor einer Anlage in die Fonds sollten unbedingt die massgebenden rechtlichen Dokumente, wie der Fondsvertrag, der Verkaufsprospekt, der Jahres- und der Halbjahresbericht gelesen werden. Die Fondsanteile sind nicht ohne weiteres zum Vertrieb im Ausland zugelassen. Die Anteile der Immobilienfonds d\u00fcrfen in den Vereinigten Staaten von Amerika und ihren Territorien weder angeboten noch verkauft oder geliefert werden. Die Anteile der Immobilienfonds d\u00fcrfen US-Staatsb\u00fcrgern und Personen mit Wohnsitz in den Vereinigten Staaten sowie anderen nat\u00fcrlichen oder juristischen Personen, deren Eink\u00fcnfte und Ertr\u00e4ge ungeachtet ihrer Herkunft der amerikanischen Einkommensteuer unterliegen, und US-Personen im Sinne der Regulation S des amerikanischen Wertpapiergesetzes von 1993 (US Securities Act) bzw. des amerikanischen Terminb\u00f6rsengesetzes (US Commodity Exchange Act) in ihrer gegenw\u00e4rtigen Fassung weder angeboten, noch verkauft oder geliefert werden. Die Fondsleitung und die Depotbank k\u00f6nnen den Verkauf und die \u00dcbertragung von Anteilen an nat\u00fcrliche und juristische Personen in bestimmten L\u00e4ndern und Gebieten untersagen oder einschr\u00e4nken.<\/p>\n<p><strong>Besteuerung<\/strong><\/p>\n<p>Die Besteuerung h\u00e4ngt von der pers\u00f6nlichen Situation jedes Anlegers ab und kann sich jederzeit \u00e4ndern. Anlegern wird empfohlen, sich von einer Fachperson beraten zu lassen, bevor sie eine Anlageentscheidung treffen. Wird auf dieser Website auf eine bestimmte steuerliche Behandlung verwiesen, so h\u00e4ngt diese von der pers\u00f6nlichen Situation des Anlegers ab und kann sich jederzeit \u00e4ndern.<\/p>\n<p><strong>Anwendbares Recht und Gerichtsstand<\/strong><\/p>\n<p>Etwaige Fragen und Streitf\u00e4lle, die sich mittelbar oder unmittelbar aus der Verwendung, Nutzung, Kontrolle, Aktualisierung oder dem Zugriff auf diese Website ergeben, unterliegen Schweizer Recht. Gerichtsstand ist Lausanne (Schweiz).<\/p>\n\t\t\t\t\t\t\t\t<\/div>\n\t\t\t\t<\/div>\n\t\t\t\t\t<\/div>\n\t\t\t\t<\/div>\n\t\t\t\t<\/div>\n\t\t","protected":false},"excerpt":{"rendered":"<p>Wichtige rechtliche Hinweise Vorbemerkung Bevor Sie auf die Liste der auf der Website www.realstone.ch aufgef\u00fchrten Fonds zugreifen, sollten Sie unbedingt die nachstehenden Bestimmungen und Nutzungsbedingungen lesen. Mit dem Zugriff auf die Website und ihre Seiten erkl\u00e4ren Sie, dass Sie die Nutzungsbedingungen und rechtlichen Informationen \u00fcber die Website und ihre Komponenten verstanden und ohne Einschr\u00e4nkung oder [&hellip;]<\/p>\n","protected":false},"author":1,"featured_media":0,"parent":0,"menu_order":0,"comment_status":"closed","ping_status":"closed","template":"","meta":{"_acf_changed":false,"footnotes":""},"class_list":["post-37931","page","type-page","status-publish","hentry"],"acf":[],"yoast_head":"<!-- This site is optimized with the Yoast SEO plugin v27.3 - https:\/\/yoast.com\/product\/yoast-seo-wordpress\/ -->\n<title>Disclaimer - Realstone<\/title>\n<meta name=\"robots\" content=\"index, follow, max-snippet:-1, max-image-preview:large, max-video-preview:-1\" \/>\n<link rel=\"canonical\" href=\"https:\/\/realstone.ch\/de\/disclaimer\/\" \/>\n<meta property=\"og:locale\" content=\"de_DE\" \/>\n<meta property=\"og:type\" content=\"article\" \/>\n<meta property=\"og:title\" content=\"Disclaimer - Realstone\" \/>\n<meta property=\"og:description\" content=\"Wichtige rechtliche Hinweise Vorbemerkung Bevor Sie auf die Liste der auf der Website www.realstone.ch aufgef\u00fchrten Fonds zugreifen, sollten Sie unbedingt die nachstehenden Bestimmungen und Nutzungsbedingungen lesen. Mit dem Zugriff auf die Website und ihre Seiten erkl\u00e4ren Sie, dass Sie die Nutzungsbedingungen und rechtlichen Informationen \u00fcber die Website und ihre Komponenten verstanden und ohne Einschr\u00e4nkung oder [&hellip;]\" \/>\n<meta property=\"og:url\" content=\"https:\/\/realstone.ch\/de\/disclaimer\/\" \/>\n<meta property=\"og:site_name\" content=\"Realstone\" \/>\n<meta property=\"article:modified_time\" content=\"2024-11-14T13:45:45+00:00\" \/>\n<meta name=\"twitter:card\" content=\"summary_large_image\" \/>\n<meta name=\"twitter:label1\" content=\"Gesch\u00e4tzte Lesezeit\" \/>\n\t<meta name=\"twitter:data1\" content=\"3\u00a0Minuten\" \/>\n<script type=\"application\/ld+json\" class=\"yoast-schema-graph\">{\"@context\":\"https:\\\/\\\/schema.org\",\"@graph\":[{\"@type\":\"WebPage\",\"@id\":\"https:\\\/\\\/realstone.ch\\\/de\\\/disclaimer\\\/\",\"url\":\"https:\\\/\\\/realstone.ch\\\/de\\\/disclaimer\\\/\",\"name\":\"Disclaimer - Realstone\",\"isPartOf\":{\"@id\":\"https:\\\/\\\/realstone.ch\\\/de\\\/#website\"},\"datePublished\":\"2023-08-14T15:02:28+00:00\",\"dateModified\":\"2024-11-14T13:45:45+00:00\",\"breadcrumb\":{\"@id\":\"https:\\\/\\\/realstone.ch\\\/de\\\/disclaimer\\\/#breadcrumb\"},\"inLanguage\":\"de\",\"potentialAction\":[{\"@type\":\"ReadAction\",\"target\":[\"https:\\\/\\\/realstone.ch\\\/de\\\/disclaimer\\\/\"]}]},{\"@type\":\"BreadcrumbList\",\"@id\":\"https:\\\/\\\/realstone.ch\\\/de\\\/disclaimer\\\/#breadcrumb\",\"itemListElement\":[{\"@type\":\"ListItem\",\"position\":1,\"name\":\"Accueil\",\"item\":\"https:\\\/\\\/realstone.ch\\\/de\\\/\"},{\"@type\":\"ListItem\",\"position\":2,\"name\":\"Disclaimer\"}]},{\"@type\":\"WebSite\",\"@id\":\"https:\\\/\\\/realstone.ch\\\/de\\\/#website\",\"url\":\"https:\\\/\\\/realstone.ch\\\/de\\\/\",\"name\":\"Realstone\",\"description\":\"\",\"publisher\":{\"@id\":\"https:\\\/\\\/realstone.ch\\\/de\\\/#organization\"},\"potentialAction\":[{\"@type\":\"SearchAction\",\"target\":{\"@type\":\"EntryPoint\",\"urlTemplate\":\"https:\\\/\\\/realstone.ch\\\/de\\\/?s={search_term_string}\"},\"query-input\":{\"@type\":\"PropertyValueSpecification\",\"valueRequired\":true,\"valueName\":\"search_term_string\"}}],\"inLanguage\":\"de\"},{\"@type\":\"Organization\",\"@id\":\"https:\\\/\\\/realstone.ch\\\/de\\\/#organization\",\"name\":\"Realstone\",\"url\":\"https:\\\/\\\/realstone.ch\\\/de\\\/\",\"logo\":{\"@type\":\"ImageObject\",\"inLanguage\":\"de\",\"@id\":\"https:\\\/\\\/realstone.ch\\\/de\\\/#\\\/schema\\\/logo\\\/image\\\/\",\"url\":\"https:\\\/\\\/realstone.ch\\\/wp-content\\\/uploads\\\/2023\\\/06\\\/Logo_Realstone_bleu.svg\",\"contentUrl\":\"https:\\\/\\\/realstone.ch\\\/wp-content\\\/uploads\\\/2023\\\/06\\\/Logo_Realstone_bleu.svg\",\"width\":283,\"height\":29,\"caption\":\"Realstone\"},\"image\":{\"@id\":\"https:\\\/\\\/realstone.ch\\\/de\\\/#\\\/schema\\\/logo\\\/image\\\/\"},\"sameAs\":[\"https:\\\/\\\/www.linkedin.com\\\/company\\\/realstone-group\\\/\"]}]}<\/script>\n<!-- \/ Yoast SEO plugin. -->","yoast_head_json":{"title":"Disclaimer - Realstone","robots":{"index":"index","follow":"follow","max-snippet":"max-snippet:-1","max-image-preview":"max-image-preview:large","max-video-preview":"max-video-preview:-1"},"canonical":"https:\/\/realstone.ch\/de\/disclaimer\/","og_locale":"de_DE","og_type":"article","og_title":"Disclaimer - Realstone","og_description":"Wichtige rechtliche Hinweise Vorbemerkung Bevor Sie auf die Liste der auf der Website www.realstone.ch aufgef\u00fchrten Fonds zugreifen, sollten Sie unbedingt die nachstehenden Bestimmungen und Nutzungsbedingungen lesen. Mit dem Zugriff auf die Website und ihre Seiten erkl\u00e4ren Sie, dass Sie die Nutzungsbedingungen und rechtlichen Informationen \u00fcber die Website und ihre Komponenten verstanden und ohne Einschr\u00e4nkung oder [&hellip;]","og_url":"https:\/\/realstone.ch\/de\/disclaimer\/","og_site_name":"Realstone","article_modified_time":"2024-11-14T13:45:45+00:00","twitter_card":"summary_large_image","twitter_misc":{"Gesch\u00e4tzte Lesezeit":"3\u00a0Minuten"},"schema":{"@context":"https:\/\/schema.org","@graph":[{"@type":"WebPage","@id":"https:\/\/realstone.ch\/de\/disclaimer\/","url":"https:\/\/realstone.ch\/de\/disclaimer\/","name":"Disclaimer - Realstone","isPartOf":{"@id":"https:\/\/realstone.ch\/de\/#website"},"datePublished":"2023-08-14T15:02:28+00:00","dateModified":"2024-11-14T13:45:45+00:00","breadcrumb":{"@id":"https:\/\/realstone.ch\/de\/disclaimer\/#breadcrumb"},"inLanguage":"de","potentialAction":[{"@type":"ReadAction","target":["https:\/\/realstone.ch\/de\/disclaimer\/"]}]},{"@type":"BreadcrumbList","@id":"https:\/\/realstone.ch\/de\/disclaimer\/#breadcrumb","itemListElement":[{"@type":"ListItem","position":1,"name":"Accueil","item":"https:\/\/realstone.ch\/de\/"},{"@type":"ListItem","position":2,"name":"Disclaimer"}]},{"@type":"WebSite","@id":"https:\/\/realstone.ch\/de\/#website","url":"https:\/\/realstone.ch\/de\/","name":"Realstone","description":"","publisher":{"@id":"https:\/\/realstone.ch\/de\/#organization"},"potentialAction":[{"@type":"SearchAction","target":{"@type":"EntryPoint","urlTemplate":"https:\/\/realstone.ch\/de\/?s={search_term_string}"},"query-input":{"@type":"PropertyValueSpecification","valueRequired":true,"valueName":"search_term_string"}}],"inLanguage":"de"},{"@type":"Organization","@id":"https:\/\/realstone.ch\/de\/#organization","name":"Realstone","url":"https:\/\/realstone.ch\/de\/","logo":{"@type":"ImageObject","inLanguage":"de","@id":"https:\/\/realstone.ch\/de\/#\/schema\/logo\/image\/","url":"https:\/\/realstone.ch\/wp-content\/uploads\/2023\/06\/Logo_Realstone_bleu.svg","contentUrl":"https:\/\/realstone.ch\/wp-content\/uploads\/2023\/06\/Logo_Realstone_bleu.svg","width":283,"height":29,"caption":"Realstone"},"image":{"@id":"https:\/\/realstone.ch\/de\/#\/schema\/logo\/image\/"},"sameAs":["https:\/\/www.linkedin.com\/company\/realstone-group\/"]}]}},"_links":{"self":[{"href":"https:\/\/realstone.ch\/de\/wp-json\/wp\/v2\/pages\/37931","targetHints":{"allow":["GET"]}}],"collection":[{"href":"https:\/\/realstone.ch\/de\/wp-json\/wp\/v2\/pages"}],"about":[{"href":"https:\/\/realstone.ch\/de\/wp-json\/wp\/v2\/types\/page"}],"author":[{"embeddable":true,"href":"https:\/\/realstone.ch\/de\/wp-json\/wp\/v2\/users\/1"}],"replies":[{"embeddable":true,"href":"https:\/\/realstone.ch\/de\/wp-json\/wp\/v2\/comments?post=37931"}],"version-history":[{"count":6,"href":"https:\/\/realstone.ch\/de\/wp-json\/wp\/v2\/pages\/37931\/revisions"}],"predecessor-version":[{"id":40122,"href":"https:\/\/realstone.ch\/de\/wp-json\/wp\/v2\/pages\/37931\/revisions\/40122"}],"wp:attachment":[{"href":"https:\/\/realstone.ch\/de\/wp-json\/wp\/v2\/media?parent=37931"}],"curies":[{"name":"wp","href":"https:\/\/api.w.org\/{rel}","templated":true}]}}