{"id":37933,"date":"2023-06-26T21:10:18","date_gmt":"2023-06-26T19:10:18","guid":{"rendered":"https:\/\/realstone.komunik.ch\/datenschuetzerklaerung\/"},"modified":"2024-09-19T16:50:12","modified_gmt":"2024-09-19T14:50:12","slug":"datenschuetzerklaerung","status":"publish","type":"page","link":"https:\/\/realstone.ch\/de\/datenschuetzerklaerung\/","title":{"rendered":"Datensch\u00fctzerkl\u00e4rung"},"content":{"rendered":"\t\t<div data-elementor-type=\"wp-page\" data-elementor-id=\"37933\" class=\"elementor elementor-37933 elementor-3\" data-elementor-post-type=\"page\">\n\t\t\t\t<div class=\"elementor-element elementor-element-70a34ba e-flex e-con-boxed e-con e-parent\" data-id=\"70a34ba\" data-element_type=\"container\" data-e-type=\"container\">\n\t\t\t\t\t<div class=\"e-con-inner\">\n\t\t\t\t<div class=\"elementor-element elementor-element-3faa055 elementor-widget elementor-widget-text-editor\" data-id=\"3faa055\" data-element_type=\"widget\" data-e-type=\"widget\" data-widget_type=\"text-editor.default\">\n\t\t\t\t<div class=\"elementor-widget-container\">\n\t\t\t\t\t\t\t\t\t<p>Der Schutz Ihrer pers\u00f6nlichen Daten ist uns sehr wichtig. Deshalb m\u00f6chten wir Sie dar\u00fcber informieren, wie REALSTONE mit Ihren Daten umgeht. Diese Datenschutzerkl\u00e4rung erl\u00e4utert, wie wir Ihre personenbezogenen Daten in \u00dcbereinstimmung mit dem Inhalt dieser Datenschutzbestimmungen sowie den anwendbaren Datenschutzvorschriften, insbesondere dem Schweizerischen Datenschutzgesetz (DSG), verarbeiten und nutzen.<\/p>\n<p>Wir bitten Sie daher, die folgenden Ausf\u00fchrungen aufmerksam zu lesen.<\/p>\n<p><strong>VERANTWORTLICHE<\/strong><\/p>\n<p>Der Verantwortliche f\u00fcr die Erhebung, Verarbeitung und Nutzung Ihrer personenbezogenen Daten ist :<\/p>\n<p><strong>Realstone SA<br \/>\n<\/strong>Avenue d&#8217;Ouchy 6<br \/>\n1006 Lausanne<br \/>\nBeauftragter f\u00fcr den Datenschutz<br \/>\nE-Mail:\u00a0<a href=\"mailto:dataprotection@realstone.ch\">dataprotection@realstone.ch<\/a><\/p>\n<p><strong>PRINZIP DER DATENVERARBEITUNG<\/strong><\/p>\n<p>Bei der Verarbeitung von Daten ber\u00fccksichtigen wir die Verarbeitungsgrunds\u00e4tze der Rechtm\u00e4\u00dfigkeit, der Verh\u00e4ltnism\u00e4\u00dfigkeit, der Zweckbindung, der Transparenz &#8211; insbesondere die Einhaltung von Informationspflichten &#8211; und der Datensicherheit.<\/p>\n<p>Personenbezogene Daten im Sinne dieser Datenschutzbestimmungen sind alle Informationen, die sich auf eine identifizierte oder identifizierbare nat\u00fcrliche Person beziehen, im Folgenden &#8222;betroffene Person&#8220; genannt. Dazu geh\u00f6ren insbesondere Ihr Name\/Vorname, Ihre Anschrift, Ihre E-Mail-Adresse, das Land Ihres Wohnsitzes und etwaige andere Daten, die f\u00fcr den Zweck der Verarbeitung erforderlich sind.<\/p>\n<p>Zu den personenbezogenen Daten geh\u00f6ren auch Informationen \u00fcber Ihre Nutzung unserer Website. In diesem Zusammenhang sammeln wir wie folgt personenbezogene Daten von Ihnen: Informationen \u00fcber Ihre Besuche auf unserer Website, wie z. B. den Umfang der Daten\u00fcbertragung, den Ort, von dem aus Sie Daten auf unserer Website abrufen, sowie andere Verbindungsdaten und Quellen, die Sie aufrufen. Dies geschieht in der Regel durch die Verwendung von Protokolldateien und Cookies. Weitere Informationen zu Protokolldateien und Cookies finden Sie weiter unten.<\/p>\n<p><strong>PRINZIP DER DATENVERARBEITUNG<\/strong><\/p>\n<p>Die Daten werden verwendet, um Trends und das Verhalten der Nutzer zu analysieren und vor allem, um Ihnen den bestm\u00f6glichen Service zu bieten. Die gesammelten Daten k\u00f6nnen zu Marketing-, Werbe- und Kommunikationszwecken verwendet werden. Die Daten k\u00f6nnen verwendet werden, um Ihre Nutzererfahrung durch Personalisierung zu verbessern. Die gesammelten Daten werden nicht an Dritte verkauft. Die Daten k\u00f6nnen an Partnerunternehmen weitergegeben werden.<\/p>\n<ul>\n<li>Um die von Ihnen angeforderten Dienstleistungen zu erbringen,<\/li>\n<li>Um sicherzustellen, dass Ihnen unsere Website so effizient und interessant wie m\u00f6glich pr\u00e4sentiert wird,<\/li>\n<li>Zur Erf\u00fcllung unserer Verpflichtungen aus einem zwischen Ihnen und uns geschlossenen Vertrag,<\/li>\n<li>Um unsere Leistungen zu verbessern, z. B. Zufriedenheitsumfragen,<\/li>\n<li>Um Ihnen die Teilnahme an interaktiven Angeboten zu erm\u00f6glichen, wenn Sie dies w\u00fcnschen,<\/li>\n<li>Um Sie \u00fcber \u00c4nderungen unserer Leistungen zu informieren,<\/li>\n<li>\u00a0Anmeldung zu unseren Newslettern ,<\/li>\n<li>\u00a0Datenerhebung bei Bewerbungen.<\/li>\n<\/ul>\n<p><strong>HALTBARKEITSDAUER<\/strong><\/p>\n<p>Wir bewahren personenbezogene Daten nur so lange auf, wie es f\u00fcr den Zweck, f\u00fcr den sie erhoben wurden, erforderlich ist. Wir bewahren sie l\u00e4nger auf, wenn gesetzliche oder regulatorische Verpflichtungen oder \u00fcberwiegende Interessen dies erfordern.<\/p>\n<p>Wenn wir Ihre IP-Adresse erheben, wird diese nur f\u00fcr die Dauer Ihrer Nutzung der Website gespeichert und danach sofort gel\u00f6scht oder anonymisiert.<\/p>\n<p>Andere Daten werden f\u00fcr eine begrenzte Zeit aufbewahrt, die sich nach folgenden Kriterien richtet: gesetzliche Aufbewahrungsfrist oder ein berechtigtes Interesse unsererseits an der Aufbewahrung, z. B. Vertragserf\u00fcllung oder zu Beweissicherungszwecken. Danach werden die entsprechenden Daten routinem\u00e4ssig gel\u00f6scht.<\/p>\n<p><strong>IHRE RECHTE<\/strong><\/p>\n<p>Sie haben das Recht, Informationen \u00fcber Ihre personenbezogenen Daten, die wir verarbeiten, zu verlangen. Sie k\u00f6nnen insbesondere Informationen \u00fcber die personenbezogenen Daten als solche, den Zweck der Verarbeitung, die Dauer der Speicherung oder, wenn dies nicht m\u00f6glich ist, die Kriterien f\u00fcr die Bestimmung dieser Dauer, die Herkunft Ihrer Daten, wenn sie nicht bei Ihnen erhoben wurden, das m\u00f6gliche Bestehen einer automatisierten Einzelentscheidung und gegebenenfalls die Empf\u00e4nger oder Kategorien von Empf\u00e4ngern, denen die personenbezogenen Daten mitgeteilt werden, verlangen.<\/p>\n<p>Sie haben auch das Recht, eine eventuell erteilte Zustimmung zur Verwendung Ihrer personenbezogenen Daten jederzeit zu widerrufen.<\/p>\n<p>Sie k\u00f6nnen Ihre oben genannten Rechte jederzeit bei uns unter der angegebenen Kontaktadresse geltend machen.<\/p>\n<p>Wenn Sie der Ansicht sind, dass die Verarbeitung Ihrer pers\u00f6nlichen Daten durch uns gegen die geltenden Datenschutzbestimmungen verst\u00f6\u00dft, haben Sie die M\u00f6glichkeit, eine Beschwerde beim Eidgen\u00f6ssischen Datenschutz- und \u00d6ffentlichkeitsbeauftragten einzureichen.<\/p>\n<p><strong>WEITERGABE AN DRITTE<\/strong><\/p>\n<p>Wir geben Ihre Daten ausschlie\u00dflich an ausgew\u00e4hlte und in dieser Datenschutzerkl\u00e4rung genannte Dritte weiter, und zwar nur zu den ausdr\u00fccklich genannten Zwecken. Wenn wir Dritte mit der Datenverarbeitung beauftragen, sind diese vertraglich verpflichtet, unsere Datenschutzanforderungen einzuhalten.<\/p>\n<p>Es ist m\u00f6glich, dass Ihre Daten weitergegeben werden, wenn wir gesetzlich dazu verpflichtet sind oder wenn dies zur Wahrung unserer Rechte erforderlich ist, insbesondere zur Aus\u00fcbung der Rechte, die uns aus dem gemeinsam geschlossenen Vertrag zustehen. Dazu kann auch die Weitergabe von Informationen zum Zwecke der Strafverfolgung, zur Abwehr von Bedrohungen oder zur Durchsetzung von Rechten des geistigen Eigentums geh\u00f6ren.<\/p>\n<p><strong>WEB ANALYSE<\/strong><\/p>\n<p>Um die Qualit\u00e4t unserer Dienstleistungen st\u00e4ndig zu verbessern, verwenden wir auf unserer Website die folgenden Technologien.<\/p>\n<p><strong>VERWENDUNG VON SKRIPTBIBLIOTHEKEN<\/strong><\/p>\n<p>Um Inhalte korrekt auszuliefern oder vor Spam zu sch\u00fctzen, verwenden wir auf unserer Website Skriptbibliotheken und Schriftbibliotheken (z. B. Google Webfonts f\u00fcr Schriften). Durch die Verwendung dieser Skriptbibliotheken und Schriftbibliotheken wird eine Verbindung mit dem Anbieter der Bibliotheken hergestellt. Es ist m\u00f6glich, dass der Betreiber der Bibliothek durch diese Verbindung Daten erh\u00e4lt.<\/p>\n<p>Jedes Mal, wenn Sie auf unsere Website zugreifen, erfassen wir die folgenden Informationen \u00fcber Ihren Computer: die IP-Adresse Ihres Computers, die Anfrage Ihres Browsers und die Uhrzeit dieser Anfrage. Dar\u00fcber hinaus werden im Rahmen dieser Anfrage der Status und die Menge der \u00fcbertragenen Daten protokolliert. Wir sammeln auch Informationen \u00fcber das Produkt und die Version des verwendeten Browsers und des Betriebssystems Ihres Computers. Wir speichern auch die Website, von der aus der Zugriff auf unsere Website erfolgte.<\/p>\n<p>Die IP-Adresse Ihres Computers wird nur f\u00fcr die Dauer Ihrer Nutzung der Website gespeichert und danach sofort gel\u00f6scht oder durch K\u00fcrzung anonymisiert. Wir verwenden diese Daten f\u00fcr den Betrieb unserer Website, insbesondere um Fehler auf der Website zu erkennen und zu beheben, die Auslastung der Website zu ermitteln und um Anpassungen oder Verbesserungen vorzunehmen.<\/p>\n<p><strong>COOKIES<\/strong><\/p>\n<p>In einigen F\u00e4llen k\u00f6nnen wir Cookies verwenden. Mithilfe dieser Cookies k\u00f6nnen wir die Informationen und Funktionen unserer Website nutzerorientiert optimieren.<\/p>\n<p>Wir verwenden Cookies beispielsweise, um die von Ihnen gew\u00e4hlten Leistungen und die von Ihnen eingegebenen Daten beim Ausf\u00fcllen eines Formulars auf der Website vor\u00fcbergehend zu speichern, damit Sie die Eingabe nicht wiederholen m\u00fcssen, wenn Sie eine andere Unterseite aufrufen. Cookies werden ggf. auch verwendet, um Sie nach Ihrer Anmeldung auf der Website als registrierten Benutzer identifizieren zu k\u00f6nnen, ohne dass Sie sich erneut anmelden m\u00fcssen, wenn Sie eine andere Unterseite aufrufen.<\/p>\n<p>Wenn Sie keine Browser-Cookies verwenden m\u00f6chten, k\u00f6nnen Sie Ihren Browser so einstellen, dass er das Speichern von Cookies nicht zul\u00e4sst. Bitte beachten Sie, dass Sie in diesem Fall unsere Website nur eingeschr\u00e4nkt oder gar nicht nutzen k\u00f6nnen. Wenn Sie nur unsere eigenen Cookies und nicht die unserer Dienstleister und Partner akzeptieren m\u00f6chten, k\u00f6nnen Sie in Ihrem Browser die Einstellung &#8222;Cookies von Drittanbietern blockieren&#8220; w\u00e4hlen.<\/p>\n<p><strong>BEI DER VERWENDUNG EINES KONTAKTFORMULARS<\/strong><\/p>\n<p>Sie haben die M\u00f6glichkeit, ein Formular zu verwenden, um mit uns in Kontakt zu treten. Dazu m\u00fcssen Sie die folgenden personenbezogenen Daten zwingend angeben.<\/p>\n<ul>\n<li>Name und Vorname<\/li>\n<li>Land des Wohnsitzes<\/li>\n<li>E-Mail-Adresse<\/li>\n<li>Nachricht<\/li>\n<\/ul>\n<p>Wir verwenden diese Daten und andere freiwillig bereitgestellte Informationen (Titel, Adresse, Telefonnummer und Unternehmen) nur, um Ihre Anfrage bestm\u00f6glich zu beantworten.<\/p>\n<p><strong>BEI NEWSLETTERN UND VERWENDUNG VON MAILCHIMP<\/strong><\/p>\n<p>F\u00fcr den Versand der E-Mails greifen wir auf E-Mail-Marketing-Dienstleistungen von Dritten zur\u00fcck. Daher k\u00f6nnen unsere E-Mails einen &#8222;web beacon&#8220; (Web-Beacon) oder \u00e4hnliche technische Mittel enthalten. Ein Web-Beacon ist eine pixelgro\u00dfe, unsichtbare Bilddatei, die mit der Benutzerkennung des E-Mail-Abonnenten verkn\u00fcpft ist.<\/p>\n<p>Jeder versendete Newsletter enth\u00e4lt Informationen \u00fcber die verwendete Adressdatei, den Betreff und die Anzahl der versendeten Newsletter. Dar\u00fcber hinaus ist es m\u00f6glich zu erfahren, welche Adressen den Newsletter noch nicht erhalten haben, an welche Adressen der Newsletter gesendet wurde und bei welchen Adressen der Versand nicht erfolgreich war, aber in der Regel auch, wie hoch die \u00d6ffnungsrate ist und welche Adressen den Newsletter ge\u00f6ffnet haben und welche Adressen sich von der Verteilerliste abgemeldet haben.<\/p>\n<p>Unser Newsletter wird mithilfe von Mailchimp erstellt und versendet. Mailchimp geh\u00f6rt zur Rocket Science Group, LLC, 675 Ponce de Leon Ave NE, Suite 5000, Atlanta, GA 30308 USA. Mailchimp ist ein Dienst, mit dem der Versand des Newsletters organisiert und analysiert werden kann. Die Daten, die Sie zum Abonnieren des Newsletters eingeben (z. B. E-Mail-Adresse), werden auf den Servern von Mailchimp gespeichert. Der Versand unserer Newsletter mithilfe von Mailchimp erm\u00f6glicht es uns, das Verhalten der Empf\u00e4nger zu analysieren. Insbesondere l\u00e4sst sich feststellen, wie viele von ihnen die Nachricht ge\u00f6ffnet und wie viele auf die verschiedenen darin enthaltenen Links geklickt haben. Diese Daten werden auf der Grundlage Ihrer Einwilligung verarbeitet. Diese k\u00f6nnen Sie jederzeit widerrufen, indem Sie sich vom Newsletter abmelden. Ein entsprechender Link ist in jeder Nachricht enthalten. Sie haben auch die M\u00f6glichkeit, den Newsletter direkt per E-Mail abzubestellen. Die Rechtm\u00e4\u00dfigkeit bereits durchgef\u00fchrter Datenverarbeitungsprozesse wird durch den Widerruf nicht ber\u00fchrt. Die Daten, die Sie uns f\u00fcr das Abonnement des Newsletters zur Verf\u00fcgung stellen, werden von uns solange gespeichert, bis Sie sich vom Newsletter abmelden, danach werden sie von unseren Servern sowie von den Servern von Mailchimp gel\u00f6scht. Daten, die wir zu anderen Zwecken gespeichert haben, bleiben davon unber\u00fchrt. Wir haben mit Mailchimp einen Vertrag \u00fcber die Bearbeitung von Anfragen abgeschlossen und halten uns bei der Nutzung dieses Dienstes strikt an die strengen datenschutzrechtlichen Anforderungen.<\/p>\n<p>Weitere Informationen zur Datenanalyse durch Mailchimp finden Sie unter:\u00a0<a href=\"https:\/\/mailchimp.com\/\" target=\"new\">https:\/\/mailchimp.com\/.<\/a><\/p>\n<p><strong>SICHERHEITSMASSNAHMEN<\/strong><\/p>\n<p>Alle Informationen, die Sie uns \u00fcbermitteln, werden auf Servern in der Schweiz\/Europ\u00e4ischen Union gespeichert. Leider ist die \u00dcbertragung von Informationen \u00fcber das Internet nicht vollst\u00e4ndig sicher, weshalb wir die Sicherheit der Daten, die \u00fcber das Internet an unsere Website \u00fcbermittelt werden, nicht garantieren k\u00f6nnen. Wir sch\u00fctzen unsere Website und unsere anderen Systeme jedoch durch technische und organisatorische Ma\u00dfnahmen gegen Verlust, Zerst\u00f6rung, Zugriff, Ver\u00e4nderung oder Verbreitung Ihrer Daten durch unbefugte Personen. Insbesondere werden Ihre pers\u00f6nlichen Daten bei uns verschl\u00fcsselt \u00fcbertragen. Wir verwenden dazu das Verschl\u00fcsselungssystem SSL (Secure Socket Layer) [oder TLS (Transport Layer Security)].<\/p>\n<p>Wir treffen angemessene technische und organisatorische Ma\u00dfnahmen, um Ihre Daten gewissenhaft vor Verlust, Zerst\u00f6rung, Verf\u00e4lschung, Manipulation oder unberechtigtem Zugriff zu sch\u00fctzen. Wir betreiben sichere Datennetze, die den jeweils g\u00fcltigen technischen Standards entsprechen. Unsere Sicherheitsma\u00dfnahmen werden entsprechend der technologischen Entwicklung fortlaufend angepasst und verbessert.<\/p>\n<p>Unsere Mitarbeiter und die von uns beauftragten Dienstleistungsunternehmen sind zur Verschwiegenheit und zur Einhaltung der gesetzlichen Datenschutzbestimmungen verpflichtet.<\/p>\n<p><strong>\u00c4NDERUNGEN DIESER DATENSCHUTZRICHTLINIE<\/strong><\/p>\n<p>Wir behalten uns das Recht vor, diese Datenschutzrichtlinie jederzeit mit Wirkung f\u00fcr die Zukunft zu \u00e4ndern. Eine aktualisierte Version ist auf der Website verf\u00fcgbar. Wir empfehlen Ihnen, die Website regelm\u00e4\u00dfig zu besuchen und sich \u00fcber die aktuelle Datenschutzpolitik zu informieren.<\/p>\n\t\t\t\t\t\t\t\t<\/div>\n\t\t\t\t<\/div>\n\t\t\t\t\t<\/div>\n\t\t\t\t<\/div>\n\t\t\t\t<\/div>\n\t\t","protected":false},"excerpt":{"rendered":"<p>Der Schutz Ihrer pers\u00f6nlichen Daten ist uns sehr wichtig. Deshalb m\u00f6chten wir Sie dar\u00fcber informieren, wie REALSTONE mit Ihren Daten umgeht. Diese Datenschutzerkl\u00e4rung erl\u00e4utert, wie wir Ihre personenbezogenen Daten in \u00dcbereinstimmung mit dem Inhalt dieser Datenschutzbestimmungen sowie den anwendbaren Datenschutzvorschriften, insbesondere dem Schweizerischen Datenschutzgesetz (DSG), verarbeiten und nutzen. Wir bitten Sie daher, die folgenden Ausf\u00fchrungen [&hellip;]<\/p>\n","protected":false},"author":1,"featured_media":0,"parent":0,"menu_order":0,"comment_status":"closed","ping_status":"closed","template":"","meta":{"_acf_changed":false,"footnotes":""},"class_list":["post-37933","page","type-page","status-publish","hentry"],"acf":[],"yoast_head":"<!-- This site is optimized with the Yoast SEO plugin v27.3 - https:\/\/yoast.com\/product\/yoast-seo-wordpress\/ -->\n<title>Datensch\u00fctzerkl\u00e4rung - Realstone<\/title>\n<meta name=\"robots\" content=\"index, follow, max-snippet:-1, max-image-preview:large, max-video-preview:-1\" \/>\n<link rel=\"canonical\" href=\"https:\/\/realstone.ch\/de\/datenschuetzerklaerung\/\" \/>\n<meta property=\"og:locale\" content=\"de_DE\" \/>\n<meta property=\"og:type\" content=\"article\" \/>\n<meta property=\"og:title\" content=\"Datensch\u00fctzerkl\u00e4rung - Realstone\" \/>\n<meta property=\"og:description\" content=\"Der Schutz Ihrer pers\u00f6nlichen Daten ist uns sehr wichtig. Deshalb m\u00f6chten wir Sie dar\u00fcber informieren, wie REALSTONE mit Ihren Daten umgeht. Diese Datenschutzerkl\u00e4rung erl\u00e4utert, wie wir Ihre personenbezogenen Daten in \u00dcbereinstimmung mit dem Inhalt dieser Datenschutzbestimmungen sowie den anwendbaren Datenschutzvorschriften, insbesondere dem Schweizerischen Datenschutzgesetz (DSG), verarbeiten und nutzen. Wir bitten Sie daher, die folgenden Ausf\u00fchrungen [&hellip;]\" \/>\n<meta property=\"og:url\" content=\"https:\/\/realstone.ch\/de\/datenschuetzerklaerung\/\" \/>\n<meta property=\"og:site_name\" content=\"Realstone\" \/>\n<meta property=\"article:modified_time\" content=\"2024-09-19T14:50:12+00:00\" \/>\n<meta name=\"twitter:card\" content=\"summary_large_image\" \/>\n<meta name=\"twitter:label1\" content=\"Gesch\u00e4tzte Lesezeit\" \/>\n\t<meta name=\"twitter:data1\" content=\"9\u00a0Minuten\" \/>\n<script type=\"application\/ld+json\" class=\"yoast-schema-graph\">{\"@context\":\"https:\\\/\\\/schema.org\",\"@graph\":[{\"@type\":\"WebPage\",\"@id\":\"https:\\\/\\\/realstone.ch\\\/de\\\/datenschuetzerklaerung\\\/\",\"url\":\"https:\\\/\\\/realstone.ch\\\/de\\\/datenschuetzerklaerung\\\/\",\"name\":\"Datensch\u00fctzerkl\u00e4rung - Realstone\",\"isPartOf\":{\"@id\":\"https:\\\/\\\/realstone.ch\\\/de\\\/#website\"},\"datePublished\":\"2023-06-26T19:10:18+00:00\",\"dateModified\":\"2024-09-19T14:50:12+00:00\",\"breadcrumb\":{\"@id\":\"https:\\\/\\\/realstone.ch\\\/de\\\/datenschuetzerklaerung\\\/#breadcrumb\"},\"inLanguage\":\"de\",\"potentialAction\":[{\"@type\":\"ReadAction\",\"target\":[\"https:\\\/\\\/realstone.ch\\\/de\\\/datenschuetzerklaerung\\\/\"]}]},{\"@type\":\"BreadcrumbList\",\"@id\":\"https:\\\/\\\/realstone.ch\\\/de\\\/datenschuetzerklaerung\\\/#breadcrumb\",\"itemListElement\":[{\"@type\":\"ListItem\",\"position\":1,\"name\":\"Accueil\",\"item\":\"https:\\\/\\\/realstone.ch\\\/de\\\/\"},{\"@type\":\"ListItem\",\"position\":2,\"name\":\"Datensch\u00fctzerkl\u00e4rung\"}]},{\"@type\":\"WebSite\",\"@id\":\"https:\\\/\\\/realstone.ch\\\/de\\\/#website\",\"url\":\"https:\\\/\\\/realstone.ch\\\/de\\\/\",\"name\":\"Realstone\",\"description\":\"\",\"publisher\":{\"@id\":\"https:\\\/\\\/realstone.ch\\\/de\\\/#organization\"},\"potentialAction\":[{\"@type\":\"SearchAction\",\"target\":{\"@type\":\"EntryPoint\",\"urlTemplate\":\"https:\\\/\\\/realstone.ch\\\/de\\\/?s={search_term_string}\"},\"query-input\":{\"@type\":\"PropertyValueSpecification\",\"valueRequired\":true,\"valueName\":\"search_term_string\"}}],\"inLanguage\":\"de\"},{\"@type\":\"Organization\",\"@id\":\"https:\\\/\\\/realstone.ch\\\/de\\\/#organization\",\"name\":\"Realstone\",\"url\":\"https:\\\/\\\/realstone.ch\\\/de\\\/\",\"logo\":{\"@type\":\"ImageObject\",\"inLanguage\":\"de\",\"@id\":\"https:\\\/\\\/realstone.ch\\\/de\\\/#\\\/schema\\\/logo\\\/image\\\/\",\"url\":\"https:\\\/\\\/realstone.ch\\\/wp-content\\\/uploads\\\/2023\\\/06\\\/Logo_Realstone_bleu.svg\",\"contentUrl\":\"https:\\\/\\\/realstone.ch\\\/wp-content\\\/uploads\\\/2023\\\/06\\\/Logo_Realstone_bleu.svg\",\"width\":283,\"height\":29,\"caption\":\"Realstone\"},\"image\":{\"@id\":\"https:\\\/\\\/realstone.ch\\\/de\\\/#\\\/schema\\\/logo\\\/image\\\/\"},\"sameAs\":[\"https:\\\/\\\/www.linkedin.com\\\/company\\\/realstone-group\\\/\"]}]}<\/script>\n<!-- \/ Yoast SEO plugin. -->","yoast_head_json":{"title":"Datensch\u00fctzerkl\u00e4rung - Realstone","robots":{"index":"index","follow":"follow","max-snippet":"max-snippet:-1","max-image-preview":"max-image-preview:large","max-video-preview":"max-video-preview:-1"},"canonical":"https:\/\/realstone.ch\/de\/datenschuetzerklaerung\/","og_locale":"de_DE","og_type":"article","og_title":"Datensch\u00fctzerkl\u00e4rung - Realstone","og_description":"Der Schutz Ihrer pers\u00f6nlichen Daten ist uns sehr wichtig. Deshalb m\u00f6chten wir Sie dar\u00fcber informieren, wie REALSTONE mit Ihren Daten umgeht. Diese Datenschutzerkl\u00e4rung erl\u00e4utert, wie wir Ihre personenbezogenen Daten in \u00dcbereinstimmung mit dem Inhalt dieser Datenschutzbestimmungen sowie den anwendbaren Datenschutzvorschriften, insbesondere dem Schweizerischen Datenschutzgesetz (DSG), verarbeiten und nutzen. Wir bitten Sie daher, die folgenden Ausf\u00fchrungen [&hellip;]","og_url":"https:\/\/realstone.ch\/de\/datenschuetzerklaerung\/","og_site_name":"Realstone","article_modified_time":"2024-09-19T14:50:12+00:00","twitter_card":"summary_large_image","twitter_misc":{"Gesch\u00e4tzte Lesezeit":"9\u00a0Minuten"},"schema":{"@context":"https:\/\/schema.org","@graph":[{"@type":"WebPage","@id":"https:\/\/realstone.ch\/de\/datenschuetzerklaerung\/","url":"https:\/\/realstone.ch\/de\/datenschuetzerklaerung\/","name":"Datensch\u00fctzerkl\u00e4rung - Realstone","isPartOf":{"@id":"https:\/\/realstone.ch\/de\/#website"},"datePublished":"2023-06-26T19:10:18+00:00","dateModified":"2024-09-19T14:50:12+00:00","breadcrumb":{"@id":"https:\/\/realstone.ch\/de\/datenschuetzerklaerung\/#breadcrumb"},"inLanguage":"de","potentialAction":[{"@type":"ReadAction","target":["https:\/\/realstone.ch\/de\/datenschuetzerklaerung\/"]}]},{"@type":"BreadcrumbList","@id":"https:\/\/realstone.ch\/de\/datenschuetzerklaerung\/#breadcrumb","itemListElement":[{"@type":"ListItem","position":1,"name":"Accueil","item":"https:\/\/realstone.ch\/de\/"},{"@type":"ListItem","position":2,"name":"Datensch\u00fctzerkl\u00e4rung"}]},{"@type":"WebSite","@id":"https:\/\/realstone.ch\/de\/#website","url":"https:\/\/realstone.ch\/de\/","name":"Realstone","description":"","publisher":{"@id":"https:\/\/realstone.ch\/de\/#organization"},"potentialAction":[{"@type":"SearchAction","target":{"@type":"EntryPoint","urlTemplate":"https:\/\/realstone.ch\/de\/?s={search_term_string}"},"query-input":{"@type":"PropertyValueSpecification","valueRequired":true,"valueName":"search_term_string"}}],"inLanguage":"de"},{"@type":"Organization","@id":"https:\/\/realstone.ch\/de\/#organization","name":"Realstone","url":"https:\/\/realstone.ch\/de\/","logo":{"@type":"ImageObject","inLanguage":"de","@id":"https:\/\/realstone.ch\/de\/#\/schema\/logo\/image\/","url":"https:\/\/realstone.ch\/wp-content\/uploads\/2023\/06\/Logo_Realstone_bleu.svg","contentUrl":"https:\/\/realstone.ch\/wp-content\/uploads\/2023\/06\/Logo_Realstone_bleu.svg","width":283,"height":29,"caption":"Realstone"},"image":{"@id":"https:\/\/realstone.ch\/de\/#\/schema\/logo\/image\/"},"sameAs":["https:\/\/www.linkedin.com\/company\/realstone-group\/"]}]}},"_links":{"self":[{"href":"https:\/\/realstone.ch\/de\/wp-json\/wp\/v2\/pages\/37933","targetHints":{"allow":["GET"]}}],"collection":[{"href":"https:\/\/realstone.ch\/de\/wp-json\/wp\/v2\/pages"}],"about":[{"href":"https:\/\/realstone.ch\/de\/wp-json\/wp\/v2\/types\/page"}],"author":[{"embeddable":true,"href":"https:\/\/realstone.ch\/de\/wp-json\/wp\/v2\/users\/1"}],"replies":[{"embeddable":true,"href":"https:\/\/realstone.ch\/de\/wp-json\/wp\/v2\/comments?post=37933"}],"version-history":[{"count":0,"href":"https:\/\/realstone.ch\/de\/wp-json\/wp\/v2\/pages\/37933\/revisions"}],"wp:attachment":[{"href":"https:\/\/realstone.ch\/de\/wp-json\/wp\/v2\/media?parent=37933"}],"curies":[{"name":"wp","href":"https:\/\/api.w.org\/{rel}","templated":true}]}}